{"id":605,"date":"2014-06-18T23:09:34","date_gmt":"2014-06-18T21:09:34","guid":{"rendered":"http:\/\/andre.mabande.se\/texter\/?page_id=605"},"modified":"2014-06-18T23:09:34","modified_gmt":"2014-06-18T21:09:34","slug":"vaders-avtal-ive-altered-the-deal","status":"publish","type":"page","link":"http:\/\/andre.mabande.se\/texter\/dark-patterns-att-skapa-fallor-for-dig\/vaders-avtal-ive-altered-the-deal","title":{"rendered":"Vaders avtal: I&#8217;ve altered the deal \u2026"},"content":{"rendered":"<p>T\u00e4nk dig att gymmet pl\u00f6tsligt en dag sa att den nya snofsiga entr\u00e9n som de best\u00e4mt sig f\u00f6r att bygga inneb\u00e4r att kontraktet \u00e4ndrats s\u00e5 att du nu m\u00e5ste \u00f6verl\u00e4mna en lista p\u00e5 alla andra fritidsaktiviteter du pysslar med och n\u00e4r du utf\u00f6r dem. Om du v\u00e4grar? D\u00e5 f\u00e5r du ta k\u00f6ksing\u00e5ngen och f\u00f6rs\u00f6ka ta dig runt bland n\u00e5gra numer ofta blockerade d\u00f6rrar, eller bara bli insl\u00e4ppt p\u00e5 riktigt d\u00e5liga tider.<\/p>\n<p>En ganska absurd situation, men \u00e4nd\u00e5 en som vi accepterar rakt av n\u00e4r det g\u00e4ller exempelvis smartphone-appar. Det \u00e4r s\u00e4llan eller aldrig f\u00f6rklarat exakt varf\u00f6r en\u00a0 beh\u00f6righet kr\u00e4vs, utan det \u00e4r bara n\u00e5t som ska accepteras f\u00f6r att f\u00e5 forts\u00e4tta anv\u00e4nda tj\u00e4nsten\/appen utan problem.<\/p>\n<p>Sj\u00e4lv blev jag v\u00e4ldigt \u00f6verraskad n\u00e4r min bank-app pl\u00f6tsligt ville kunna anv\u00e4nda mobilens kamera<sup>1<\/sup> &#8211; n\u00e5t som jag <em>l\u00e5ngt<\/em> senare (och inte via banken) fick klart f\u00f6r mig var f\u00f6r att scanna in OCR-koder. Detta var ju dock bara en miss fr\u00e5n bankens sida och inte ett utslag av illvillighet.<\/p>\n<p>Detta avsnitt handlar dock om de m\u00e5nga exempel d\u00e4r det \u00e4r ett \u00f6verlagt drag, d\u00e4r sj\u00e4lva syftet \u00e4r att att tvinga in anv\u00e4ndaren i ett nytt avtal utan att hen har givits en god m\u00f6jlighet att t\u00e4nka igenom det.<\/p>\n<div><a href='http:\/\/andre.mabande.se\/texter\/dark-patterns-att-skapa-fallor-for-dig\/vaders-avtal-ive-altered-the-deal\/spotifiering-nej-vi-sa-aldrig-att-det-var-gratis-pa-_riktigt_'><h3>\u2014 Spotifiering - Nej, vi sa aldrig att det var gratis p\u00e5 _riktigt_<\/h3>\r\n\t\t\t<p><p>Att ge ut en enklare gratisversion av en betaltj\u00e4nst kallas freemium-modellen och \u00e4r standardf\u00f6rfarande f\u00f6r bl.a. appar &#8211; den som\u2026 \u00bb <\/p><\/a><\/div><hr>\n<blockquote><p>\u2026\u00a0 Pray I don&#8217;t alter it any further.<\/p><\/blockquote>\n<p>___<\/p>\n<p>&nbsp;<\/p>\n<p><sup>1<\/sup> <a title=\"Sparbanken \u00d6resunds Android-app\" href=\"https:\/\/play.google.com\/store\/apps\/details?id=dk.sdc.a.mobilbank.sparoresund\" target=\"_blank\">Sparbanken \u00d6resund<\/a>, Google Play<\/p>\n","protected":false},"excerpt":{"rendered":"<p>T\u00e4nk dig att gymmet pl\u00f6tsligt en dag sa att den nya snofsiga entr\u00e9n som de best\u00e4mt sig f\u00f6r att bygga inneb\u00e4r att kontraktet \u00e4ndrats s\u00e5 att du nu m\u00e5ste \u00f6verl\u00e4mna en lista p\u00e5 alla andra fritidsaktiviteter du pysslar med och n\u00e4r du utf\u00f6r dem. Om du v\u00e4grar? D\u00e5 f\u00e5r du ta k\u00f6ksing\u00e5ngen och f\u00f6rs\u00f6ka ta [&hellip;]<\/p>\n","protected":false},"author":1,"featured_media":0,"parent":602,"menu_order":2,"comment_status":"closed","ping_status":"closed","template":"","meta":{"footnotes":""},"class_list":["post-605","page","type-page","status-publish","hentry"],"_links":{"self":[{"href":"http:\/\/andre.mabande.se\/texter\/wp-json\/wp\/v2\/pages\/605","targetHints":{"allow":["GET"]}}],"collection":[{"href":"http:\/\/andre.mabande.se\/texter\/wp-json\/wp\/v2\/pages"}],"about":[{"href":"http:\/\/andre.mabande.se\/texter\/wp-json\/wp\/v2\/types\/page"}],"author":[{"embeddable":true,"href":"http:\/\/andre.mabande.se\/texter\/wp-json\/wp\/v2\/users\/1"}],"replies":[{"embeddable":true,"href":"http:\/\/andre.mabande.se\/texter\/wp-json\/wp\/v2\/comments?post=605"}],"version-history":[{"count":6,"href":"http:\/\/andre.mabande.se\/texter\/wp-json\/wp\/v2\/pages\/605\/revisions"}],"predecessor-version":[{"id":641,"href":"http:\/\/andre.mabande.se\/texter\/wp-json\/wp\/v2\/pages\/605\/revisions\/641"}],"up":[{"embeddable":true,"href":"http:\/\/andre.mabande.se\/texter\/wp-json\/wp\/v2\/pages\/602"}],"wp:attachment":[{"href":"http:\/\/andre.mabande.se\/texter\/wp-json\/wp\/v2\/media?parent=605"}],"curies":[{"name":"wp","href":"https:\/\/api.w.org\/{rel}","templated":true}]}}