{"id":612,"date":"2014-06-19T10:57:02","date_gmt":"2014-06-19T08:57:02","guid":{"rendered":"http:\/\/andre.mabande.se\/texter\/?page_id=612"},"modified":"2014-06-19T10:45:49","modified_gmt":"2014-06-19T08:45:49","slug":"spotifiering-nej-vi-sa-aldrig-att-det-var-gratis-pa-_riktigt_","status":"publish","type":"page","link":"http:\/\/andre.mabande.se\/texter\/dark-patterns-att-skapa-fallor-for-dig\/vaders-avtal-ive-altered-the-deal\/spotifiering-nej-vi-sa-aldrig-att-det-var-gratis-pa-_riktigt_","title":{"rendered":"Spotifiering &#8211; Nej, vi sa aldrig att det var gratis p\u00e5 _riktigt_"},"content":{"rendered":"<p>Att ge ut en enklare gratisversion av en betaltj\u00e4nst kallas freemium-modellen och \u00e4r standardf\u00f6rfarande f\u00f6r bl.a. appar &#8211; den som vill kan prova p\u00e5 och om programmet gillas kan man uppgradera till en version med fler funktioner. Den mer illvilliga designversionen \u00e4r nog b\u00e4st beskriven som en typ av <em>spotifiering<\/em>, att gratisversionen, n\u00e4r den blivit popul\u00e4r och integrerad i vardagen, f\u00f6rs\u00e4mras f\u00f6r att driva anv\u00e4ndarna till betalversionen.<\/p>\n<p>Extra effektivt blir det om det handlar om n\u00e5got som hart n\u00e4r ersatt ett helt ekosystem, som just Spotify &#8211; deras tidiga utf\u00e4stelser var att gratisversionen var obegr\u00e4nsad lyssning i utbyte mot reklam, n\u00e5t som sen byttes mot ett ytterst begr\u00e4nsat antal timmar\/l\u00e5tar\/spelningar per m\u00e5nad<sup>1, 2<\/sup>.<\/p>\n<p>Det \u00e4r inte speciellt diskret, men f\u00f6rlitar sig p\u00e5 att slutanv\u00e4ndaren ska ha vant sig vid en anv\u00e4ndbarhetsniv\u00e5 s\u00e5 pass mycket att den \u00e4r &#8221;om\u00f6jlig&#8221; att klara sig utan.<\/p>\n<p>___<\/p>\n<p><sup>1<\/sup> <a title=\"Spotify: &quot;Upcoming changes to Spotify Free\/Open&quot;\" href=\"http:\/\/news.spotify.com\/se\/2011\/04\/14\/upcoming-changes-to-spotify-free-open\/\" target=\"_blank\">Upcoming changes to Spotify Free\/Open<\/a>, News.Spotify.com 2011-04-14<\/p>\n<p><sup>2<\/sup> <a title=\"DN: &quot; Spotify begr\u00e4nsar sin gratisversion&quot;\" href=\"http:\/\/www.dn.se\/ekonomi\/spotify-begransar-sin-gratisversion\/\" target=\"_blank\">Spotify begr\u00e4nsar sin gratisversion<\/a>, DN.se 2011-04-14<\/p>\n","protected":false},"excerpt":{"rendered":"<p>Att ge ut en enklare gratisversion av en betaltj\u00e4nst kallas freemium-modellen och \u00e4r standardf\u00f6rfarande f\u00f6r bl.a. appar &#8211; den som vill kan prova p\u00e5 och om programmet gillas kan man uppgradera till en version med fler funktioner. Den mer illvilliga designversionen \u00e4r nog b\u00e4st beskriven som en typ av spotifiering, att gratisversionen, n\u00e4r den blivit [&hellip;]<\/p>\n","protected":false},"author":1,"featured_media":0,"parent":605,"menu_order":2,"comment_status":"closed","ping_status":"closed","template":"","meta":{"footnotes":""},"class_list":["post-612","page","type-page","status-publish","hentry"],"_links":{"self":[{"href":"http:\/\/andre.mabande.se\/texter\/wp-json\/wp\/v2\/pages\/612","targetHints":{"allow":["GET"]}}],"collection":[{"href":"http:\/\/andre.mabande.se\/texter\/wp-json\/wp\/v2\/pages"}],"about":[{"href":"http:\/\/andre.mabande.se\/texter\/wp-json\/wp\/v2\/types\/page"}],"author":[{"embeddable":true,"href":"http:\/\/andre.mabande.se\/texter\/wp-json\/wp\/v2\/users\/1"}],"replies":[{"embeddable":true,"href":"http:\/\/andre.mabande.se\/texter\/wp-json\/wp\/v2\/comments?post=612"}],"version-history":[{"count":7,"href":"http:\/\/andre.mabande.se\/texter\/wp-json\/wp\/v2\/pages\/612\/revisions"}],"predecessor-version":[{"id":649,"href":"http:\/\/andre.mabande.se\/texter\/wp-json\/wp\/v2\/pages\/612\/revisions\/649"}],"up":[{"embeddable":true,"href":"http:\/\/andre.mabande.se\/texter\/wp-json\/wp\/v2\/pages\/605"}],"wp:attachment":[{"href":"http:\/\/andre.mabande.se\/texter\/wp-json\/wp\/v2\/media?parent=612"}],"curies":[{"name":"wp","href":"https:\/\/api.w.org\/{rel}","templated":true}]}}