{"id":659,"date":"2014-07-21T23:59:08","date_gmt":"2014-07-21T21:59:08","guid":{"rendered":"http:\/\/andre.mabande.se\/texter\/?page_id=659"},"modified":"2014-09-03T10:46:17","modified_gmt":"2014-09-03T08:46:17","slug":"mimikry-marknadsforing","status":"publish","type":"page","link":"http:\/\/andre.mabande.se\/texter\/dark-patterns-att-skapa-fallor-for-dig\/mimikry-marknadsforing","title":{"rendered":"Mimikry-marknadsf\u00f6ring"},"content":{"rendered":"<p>Det ser ut om n\u00e5gonting du k\u00e4nner igen, men efter en stund kanske du b\u00f6rjar misst\u00e4nka att det inte \u00e4r vad du trodde. Kvisten visade sig vara en orm.<\/p>\n<p>I naturen finns fenomenet mimikry. P\u00e5 webben finns reklam f\u00f6rkl\u00e4dd till artiklar.<\/p>\n<p>Praktexempel finns p\u00e5 i stort sett alla svenska dags- och kv\u00e4llstidningssidor, d\u00e4r man f\u00f6rutom de uppenbara och skrikiga reklambannersen \u00e4ven kan se\u00a0 paeuodartiklar som enbart skiljer sig fr\u00e5n de riktiga genom en annan nyans i ramen och ett v\u00e4ldigt diskret &#8221;Annons&#8221;, eller som hos Sydsvenskan: det mindre reklamassocierade ordet &#8221;sponsrad&#8221; i \u00f6vre h\u00f6rnet p\u00e5 en rekommenderad text.<\/p>\n<p><a href=\"http:\/\/andre.mabande.se\/texter\/wp-content\/uploads\/2014\/07\/Mimikry_Sydsvenskan.png\"><img loading=\"lazy\" decoding=\"async\" class=\"aligncenter size-full wp-image-719\" src=\"http:\/\/andre.mabande.se\/texter\/wp-content\/uploads\/2014\/07\/Mimikry_Sydsvenskan.png\" alt=\"Screenshot av tv\u00e5 rekommenderade texter, den ena \u00e4r dock reklam.\" width=\"514\" height=\"195\" srcset=\"http:\/\/andre.mabande.se\/texter\/wp-content\/uploads\/2014\/07\/Mimikry_Sydsvenskan.png 514w, http:\/\/andre.mabande.se\/texter\/wp-content\/uploads\/2014\/07\/Mimikry_Sydsvenskan-300x113.png 300w\" sizes=\"auto, (max-width: 514px) 100vw, 514px\" \/><\/a>De detaljer som skiljer \u00e4r dock l\u00e4tta att missa p.g.a. de stora likheterna och kombinationen av avledande bild och rubrik.<\/p>\n<p>Detta \u00e4r dock en metod som, trots framg\u00e5ngsrik, sl\u00e5r tillbaka p\u00e5 tidningarna d\u00e5 bes\u00f6karna \u00e4ven f\u00f6rv\u00e4xlar avs\u00e4ndaren av budskapet med redaktionen och riskerar att tro det \u00e4r en oseri\u00f6sare tidning \u00e4n det \u00e4r.<\/p>\n<p>Dessutom riskerar det att g\u00f6ra de av tidningens l\u00e4sare som inte m\u00e4rker annonsmarkeringen direkt felinformerade.<\/p>\n","protected":false},"excerpt":{"rendered":"<p>Det ser ut om n\u00e5gonting du k\u00e4nner igen, men efter en stund kanske du b\u00f6rjar misst\u00e4nka att det inte \u00e4r vad du trodde. Kvisten visade sig vara en orm. I naturen finns fenomenet mimikry. P\u00e5 webben finns reklam f\u00f6rkl\u00e4dd till artiklar. Praktexempel finns p\u00e5 i stort sett alla svenska dags- och kv\u00e4llstidningssidor, d\u00e4r man f\u00f6rutom [&hellip;]<\/p>\n","protected":false},"author":1,"featured_media":719,"parent":602,"menu_order":6,"comment_status":"closed","ping_status":"closed","template":"","meta":{"footnotes":""},"class_list":["post-659","page","type-page","status-publish","hentry"],"_links":{"self":[{"href":"http:\/\/andre.mabande.se\/texter\/wp-json\/wp\/v2\/pages\/659","targetHints":{"allow":["GET"]}}],"collection":[{"href":"http:\/\/andre.mabande.se\/texter\/wp-json\/wp\/v2\/pages"}],"about":[{"href":"http:\/\/andre.mabande.se\/texter\/wp-json\/wp\/v2\/types\/page"}],"author":[{"embeddable":true,"href":"http:\/\/andre.mabande.se\/texter\/wp-json\/wp\/v2\/users\/1"}],"replies":[{"embeddable":true,"href":"http:\/\/andre.mabande.se\/texter\/wp-json\/wp\/v2\/comments?post=659"}],"version-history":[{"count":7,"href":"http:\/\/andre.mabande.se\/texter\/wp-json\/wp\/v2\/pages\/659\/revisions"}],"predecessor-version":[{"id":722,"href":"http:\/\/andre.mabande.se\/texter\/wp-json\/wp\/v2\/pages\/659\/revisions\/722"}],"up":[{"embeddable":true,"href":"http:\/\/andre.mabande.se\/texter\/wp-json\/wp\/v2\/pages\/602"}],"wp:featuredmedia":[{"embeddable":true,"href":"http:\/\/andre.mabande.se\/texter\/wp-json\/wp\/v2\/media\/719"}],"wp:attachment":[{"href":"http:\/\/andre.mabande.se\/texter\/wp-json\/wp\/v2\/media?parent=659"}],"curies":[{"name":"wp","href":"https:\/\/api.w.org\/{rel}","templated":true}]}}