{"id":931,"date":"2024-02-21T14:52:10","date_gmt":"2024-02-21T13:52:10","guid":{"rendered":"http:\/\/andre.mabande.se\/texter\/?page_id=931"},"modified":"2024-02-21T17:03:56","modified_gmt":"2024-02-21T16:03:56","slug":"mastodon-en-upplevelse","status":"publish","type":"page","link":"http:\/\/andre.mabande.se\/texter\/mastodon-en-upplevelse","title":{"rendered":"Mastodon &#8211; en upplevelse"},"content":{"rendered":"\n<p>Jag skapade ett mastodon-konto april 2017 efter att ha l\u00e4st om det i en artikel om nya socmedia (indieprojekt \u00e4r oftast intressanta, om ibland bara i teorin) och de f\u00f6rsta \u00e5ren var det en ganska slumrande tillvaro: jag tittade in n\u00e5n g\u00e5ng ibland, skrev n\u00e5t om n\u00e5got nisch\u00e4mne och anv\u00e4nde det mer som en stuga p\u00e5 vishan i kontrast mot Twitters hetsiga m\u00e5ngmiljonstad.<\/p>\n\n\n\n<p>Sen s\u00e5ldes Twitter till en fascist och det blev alltmer oh\u00e5llbart att vara kvar, s\u00e5 n\u00e5got halv\u00e5r senare var min mesta aktivitet p\u00e5 Mastodon.<\/p>\n\n\n\n<p>Eftersom jag \u00e4r intresserad av hur det fungerar har jag f\u00f6rs\u00f6kt snappa upp vad som h\u00e4nder, s\u00e5 nedan kommer n\u00e5gra nedslag i ibland nedsl\u00e5ende och ibland bara skrattretande h\u00e4ndelser som nog f\u00e5r samlas under rubriken Drama, plus lite annat sm\u00e5tt och gott under andra rubriker. N\u00e5n dag ska det nog struktureras upp lite b\u00e4ttre<\/p>\n\n\n\n<p>N\u00e4r &#8221;Pakten&#8221; refereras handlar det om <a href=\"https:\/\/joinmastodon.org\/covenant\" target=\"_blank\" rel=\"noreferrer noopener\">the Mastodon Server Covenant<\/a>, som \u00e4r en \u00f6verenskommelse om att sk\u00f6ta sin instans p\u00e5 ett schysst s\u00e4tt.<\/p>\n\n\n\n<h2 class=\"wp-block-heading\">Drama<\/h2>\n\n\n\n<p>Stora k\u00e4nslor, h\u00f6ga debattv\u00e5gor och ibland stormar i vattenglas.<\/p>\n\n\n\n<h3 class=\"wp-block-heading\">.se<\/h3>\n\n\n\n<p>Det var inte bara jag som l\u00e4mnade Twitter, utan m\u00e5nga andra s\u00f6kte nytt, s\u00e5 ett antal svenska instanser snurrades ig\u00e5ng p\u00e5 allvar, d\u00e4ribland Mastodon.se som varit registrerad sen l\u00e4nge, men p.g.a. sin TLD blev det uppenbara m\u00e5let f\u00f6r twitterl\u00e4mnarna.<\/p>\n\n\n\n<p>Nackdelen var bara att det visade sig att admin hade en &#8221;alla f\u00e5r klara sig sj\u00e4lv&#8221;-attityd till anv\u00e4ndarskydd (som moderering och vilka som var v\u00e4lkomna att registrera sig etc), vilket exploderade i nyllet i december &#8217;22 n\u00e4r en transfob fick h\u00e5lla l\u00e5da p\u00e5 .se och en annan instans admin \u00e4ven uppm\u00e4rksammade att .se inte hade en enda blockad server, inte ens k\u00e4nda nazistinstanser och k\u00e4nda \u00f6vergreppsinstanser (som en j\u00e4mf\u00f6relse s\u00e5 har huvud-mastodon, .social, i skrivande stund runt 270 helt blockerade servrar p\u00e5 sin lista). <\/p>\n\n\n\n<p>Det f\u00f6rsvarades av .se-admin med yttrandefrihet och att man inte kan l\u00e4mna hat outmanat (han t\u00e4nkte dock inte sj\u00e4lv utmana, utan l\u00e4mnade det till andra, han skulle bara leverera plattformen d\u00e4r det kunde ske) och att han inte litade p\u00e5 andras bed\u00f6mningar (d.v.s. f\u00f6rkastade grundbulten i federerad social media: att lita p\u00e5 att folk inte \u00e4r bad actors f\u00f6rr\u00e4n de visar det eller andra bekr\u00e4ftar det) det handlade om en kampanj mot honom efter att n\u00e5gra hade p\u00e5pekat hans uttalanden om &#8221;globalister&#8221; (en etablerat antisemitisk term). Eftersom det inte var roligt l\u00e4ngre s\u00e5 skulle .se l\u00e4ggas ner.<\/p>\n\n\n\n<p>Efter en hel del mer diskussion sa han att .se skulle forts\u00e4tta med andra som sk\u00f6tte modereringen och efter en \u00f6ppen ans\u00f6kningsprocess tillsattes hans bror. <\/p>\n\n\n\n<p>N\u00e5got senare kom meddelandet att .se skulle st\u00e4ngas ner eftersom den hamnat p\u00e5 m\u00e5ngas blocklistor (och, kan man anta, m\u00e5nga hade l\u00e4mnat). <\/p>\n\n\n\n<p>.se:s \u00f6de \u00e4r n\u00e5got som s\u00e5 enkelt kunnat undvikits genom att aktivt se till sina medlemmars b\u00e4sta: f\u00f6r \u00e4r en instans en freeze peach zone med uttalad ambition att inte blockera annat \u00e4n i absoluta n\u00f6dfall s\u00e5 \u00e4r den inte s\u00e4ker, utan till\u00e5ter de illvilligaste akt\u00f6rerna att s\u00e4tta tonen &#8211; de som &#8221;bara lyfter fr\u00e5gan&#8221; och g\u00f6r en debatt av andras existens. V\u00e4grar admin dessutom lita p\u00e5 att andras bed\u00f6mningar, oavsett om det \u00e4r en erk\u00e4nt engagerad och saklig bed\u00f6mare, har den inget ber\u00e4ttigande att vara del av en federation, utan kommer bara bli en skadevektor och andra instanser kommer inte se det som en s\u00e4ker instans att federera med.<\/p>\n\n\n\n<h3 class=\"wp-block-heading\">.lol<\/h3>\n\n\n\n<p>JK Rowling f\u00f6rst\u00f6r allt kul. Mastodon.lol hade 18k anv\u00e4ndare n\u00e4r Hogwarts Legacy sl\u00e4pptes och debatten om att g\u00f6da transfobens redan stinna kassa tog fart igen.<\/p>\n\n\n\n<p>N\u00e5gra som tr\u00f6ttnat p\u00e5 att diskutera in absurdum tog det till en ny niv\u00e5 genom att spoila slutet av spelet, varp\u00e5 admin tyckte det var att g\u00e5 f\u00f6r l\u00e5ngt eftersom &#8221;inte alla Harry Potter-fans k\u00e4nner till att JK \u00e4r ett problem&#8221; och b\u00f6rjade sparka ut folk.<\/p>\n\n\n\n<p>Backlashen p\u00e5 det blev att han kallades TERF av n\u00e5gra, tappade det helt och st\u00e4ngde ner. Fr\u00e5n b\u00f6rjan t\u00e4nkte han g\u00f6ra det omedelbart, men fick s\u00e5 mycket skit f\u00f6r att han br\u00f6t mot Pakten att han blev tvungen att h\u00e5lla \u00f6ppet i tre m\u00e5nader till.<\/p>\n\n\n\n<h3 class=\"wp-block-heading\">queer.af<\/h3>\n\n\n\n<p>I januari &#8217;24 meddelade queer.af, en liten, men popul\u00e4r HBTQ-instans, att d\u00e5 de inte ville st\u00f6dja talibanerna med pengar p.g.a. att .af \u00e4r Afghanistans toppdom\u00e4n, skulle st\u00e4nga ner och hj\u00e4lpa medlemmarna migrera sina konton till andra instanser. <\/p>\n\n\n\n<p>Innan de hann s\u00e4tta planen i verket blev dom\u00e4nen beslagtagen och misstankarna f\u00f6ll naturligtvis p\u00e5 att talibanerna hade f\u00e5tt nys om dom\u00e4nnamnet och st\u00e4ngt ner det direkt. Styret i Kabul har dock dementerat uppgifterna och om det \u00e4r n\u00e5n vi kan lita p\u00e5 \u00e4r det v\u00e4l Talibanerna?<\/p>\n\n\n\n<p>Tyv\u00e4rr finns det \u00e4n s\u00e5 l\u00e4nge inget (hanterbart) s\u00e4tt att migrera en instans till en annan dom\u00e4n, ens under normala omst\u00e4ndigheter, vilket egentligen inte borde vara s\u00e5 sv\u00e5rt att l\u00f6sa (t.ex. genom att instansen som byter namn k\u00f6r en re-announce fr\u00e5n den gamla dom\u00e4nen med ett kodversionen av &#8221;hej! det h\u00e4r \u00e4r dom\u00e4nnamn.tld som byter till nyttdom\u00e4nnamn.nytld&#8221;).<\/p>\n\n\n\n<h3 class=\"wp-block-heading\">.au<\/h3>\n\n\n\n<p>Australiens st\u00f6rsta instans med omkring 4k anv\u00e4ndare som st\u00e4ngdes ner &#8217;23 av admin n\u00e4r han inte omg\u00e5ende f\u00e5tt svar p\u00e5 en fr\u00e5ga till masto-utvecklarna. Han f\u00f6rst att Mastodon.au skulle st\u00e4ngas inom en vecka, men fick s\u00e5 mycket skit f\u00f6r att han br\u00f6t mot Pakten att han blev tvungen att h\u00e5lla \u00f6ppet i tre m\u00e5nader till.<\/p>\n\n\n\n<p>Han hade stora planer om att kunna ta betalt, men fick n\u00f6ja sig med att bli \u00e4nnu en entrepren\u00f6r som inte f\u00f6rst\u00e5r det sociala i sociala media.<\/p>\n\n\n\n<h2 class=\"wp-block-heading\">SpamSpamSpamSpamSpamSpamSpamSpam<\/h2>\n\n\n\n<p>\u00c4ven om fediversum sj\u00e4lvklart drabbats av enstaka spam i form av enskilda botar s\u00e5 var det som h\u00e4nde i februari &#8217;24 n\u00e5gonting helt annat: tiotusentals botkonton registrerades och hundratusentals spammeddelanden skickades.<\/p>\n\n\n\n<p>Instansadmins fick b\u00e5de mycket att g\u00f6ra och f\u00f6rst\u00e5elig panik: vem \u00e4r det? \u00c4r det en koordinerad attack fr\u00e5n en stat eller organisation?<\/p>\n\n\n\n<p>Det visade sig handla om n\u00e5got s\u00e5 f\u00e5nigt som en konflikt mellan tv\u00e5 parter d\u00e4r den ena best\u00e4mde sig f\u00f6r att attackera den andres Discordserver med hj\u00e4lp av ett script som skapade botkonton p\u00e5 fr\u00e4mst Misskey-servers, men \u00e4ven andra servers som inte hade tillr\u00e4ckligt s\u00e4ker registrering. N\u00e5t som orsakade att ett antal mindre instanser blev spamvektorer och v\u00e4ldigt m\u00e5nga medlemmar bl.a. fick bilder av spam (ja, produkten spam) skickade till sig.<\/p>\n\n\n\n<p>Det stora problemet \u00e4r egentligen inte spammet, utan effekten det hade p\u00e5 framf\u00f6r allt mindre instanser vars admins av en eller annan anledning inte hade resurser att hantera det i realtid och d\u00e4rf\u00f6r fick lagringsutrymmet fyllt eller enorma r\u00e4kningar f\u00f6r molnlagring.<\/p>\n\n\n\n<p>V\u00e4rt att notera \u00e4r f.\u00f6. att Discord inte verkar ha n\u00e5gra fungerande mekanismer f\u00f6r att rapportera abuse eller &#8221;planering av illegal aktivitet&#8221;, utan bara enskilda meddelanden och anv\u00e4ndare.<\/p>\n\n\n\n<p>Spamkampanjen bromsades genom idogt arbete fr\u00e5n n\u00e5gra olika instanser och tog en paus n\u00e4r en av de inblandade greps. <\/p>\n\n\n\n<p>Tyv\u00e4rr blev nog avtrycket best\u00e5ende d\u00e5 ett antal mindre instanser helt enkelt gav upp.<\/p>\n\n\n\n<h2 class=\"wp-block-heading\">Opt-out<\/h2>\n\n\n\n<p>Det roliga med \u00f6ppen programvara och dito protokoll \u00e4r att vem som helst kan bygga n\u00e5nting p\u00e5 det. Det d\u00e5liga \u00e4r det inte helt s\u00e4llan \u00e4r n\u00e5n med en tech bro-hj\u00e4rna som s\u00e4ger till dem att medgivande \u00e4r oviktigt, s\u00e5 folk f\u00e5r neka i efterhand. Och varje g\u00e5ng f\u00e5r de sk\u00e4ll och varje g\u00e5ng \u00e4r det n\u00e5n som f\u00f6rsvarar dem med att ActivityPub (AP) som Mastodon \/ fediverse utg\u00e5r ifr\u00e5n \u00e4r opt-out per default och saknar en massa s\u00e4kerhetssp\u00e4rrar s\u00e5 hackers, f\u00f6retag och spioner kan redan g\u00f6ra motsvarande och <em>d\u00e4rf\u00f6r<\/em> \u00e4r opt-out p\u00e5 \u00e4nnu en grej inget problem utan en feature.<\/p>\n\n\n\n<p>Ist\u00e4llet f\u00f6r att t\u00e4nka till lite och f\u00f6resl\u00e5 att problemen med AP fixas s\u00e5 att folk slipper bli \u00f6verraskade av att de per automatik \u00e4r \u00f6ppna f\u00f6r saker de inte ens visste fanns.<\/p>\n\n\n\n<h3 class=\"wp-block-heading\">S\u00f6kmotorer<\/h3>\n\n\n\n<p>Eftersom Mastodon lanserades utan n\u00e5n form av effektiv s\u00f6kning p\u00e5 profiler och dylikt s\u00e5 var det sj\u00e4lvklart att n\u00e5n skulle bygga en mastodons\u00f6k och lika sj\u00e4lvklart var det att den lanserades med att den som <em>inte<\/em> ville bli s\u00f6kt skulle markera det med en hashtag p\u00e5 sin profil.<\/p>\n\n\n\n<p>Inte alla uppskattade det. Framf\u00f6r allt inte de som haft d\u00e5lig erfarenhet av Twitters s\u00f6kfunktion som trakasserivektor, vilket gjorde att utvecklaren fick sk\u00e4ll, en del of\u00f6rtj\u00e4nt p.g.a. missf\u00f6rst\u00e5nd om vad s\u00f6kmotorn skulle g\u00e5 igenom f\u00f6r material.<\/p>\n\n\n\n<p>Senare implementerade Mastodon en egen s\u00f6kfunktion f\u00f6r allt publikt inneh\u00e5ll som, efter lite sk\u00e4ll, lanserades som opt-in.<\/p>\n\n\n\n<h3 class=\"wp-block-heading\">Broar<\/h3>\n\n\n\n<p>Diverse instanser har byggts f\u00f6r att spegla Twitter- (och senare fascist-X-) inneh\u00e5ll till Mastodon, vilket g\u00f6r att man kan f\u00f6lja en twittrares inl\u00e4gg utan att bes\u00f6ka twitter. En hel del av instanserna \u00e4r dock blockerade av andra p.g.a att twittrarna inte haft m\u00f6jlighet att v\u00e4lja om de vill bli speglade eller inte. <\/p>\n\n\n\n<p>I och med BlueSky-lanseringen blev folk intresserade av att skapa protokoll f\u00f6r att koppla ihop dem ocks\u00e5, s\u00e5 sagt och gjort var det en som snickrat ihop en bro f\u00f6r att f\u00f6lja konton \u00f6ver sitegr\u00e4nserna. Med opt-out via alltifr\u00e5n hashtag p\u00e5 profilen till att maila honom. Med de tv\u00e5 n\u00e4tverkens anv\u00e4ndarbas p\u00e5 hittills \u00f6ver miljoner \u00e4r det intressant hur han hade t\u00e4nkt sig att mail skulle vara en h\u00e5llbara process om ens en procent inte vill vara med.<\/p>\n\n\n\n<h2 class=\"wp-block-heading\">Mer l\u00e4r f\u00f6lja\u2026<\/h2>\n\n\n\n<p>F\u00f6r det \u00e4r s\u00e5 mycket som missats.<\/p>\n","protected":false},"excerpt":{"rendered":"<p>Jag skapade ett mastodon-konto april 2017 efter att ha l\u00e4st om det i en artikel om nya socmedia (indieprojekt \u00e4r oftast intressanta, om ibland bara i teorin) och de f\u00f6rsta \u00e5ren var det en ganska slumrande tillvaro: jag tittade in n\u00e5n g\u00e5ng ibland, skrev n\u00e5t om n\u00e5got nisch\u00e4mne och anv\u00e4nde det mer som en stuga [&hellip;]<\/p>\n","protected":false},"author":1,"featured_media":0,"parent":0,"menu_order":4,"comment_status":"closed","ping_status":"closed","template":"","meta":{"footnotes":""},"class_list":["post-931","page","type-page","status-publish","hentry"],"_links":{"self":[{"href":"http:\/\/andre.mabande.se\/texter\/wp-json\/wp\/v2\/pages\/931","targetHints":{"allow":["GET"]}}],"collection":[{"href":"http:\/\/andre.mabande.se\/texter\/wp-json\/wp\/v2\/pages"}],"about":[{"href":"http:\/\/andre.mabande.se\/texter\/wp-json\/wp\/v2\/types\/page"}],"author":[{"embeddable":true,"href":"http:\/\/andre.mabande.se\/texter\/wp-json\/wp\/v2\/users\/1"}],"replies":[{"embeddable":true,"href":"http:\/\/andre.mabande.se\/texter\/wp-json\/wp\/v2\/comments?post=931"}],"version-history":[{"count":9,"href":"http:\/\/andre.mabande.se\/texter\/wp-json\/wp\/v2\/pages\/931\/revisions"}],"predecessor-version":[{"id":941,"href":"http:\/\/andre.mabande.se\/texter\/wp-json\/wp\/v2\/pages\/931\/revisions\/941"}],"wp:attachment":[{"href":"http:\/\/andre.mabande.se\/texter\/wp-json\/wp\/v2\/media?parent=931"}],"curies":[{"name":"wp","href":"https:\/\/api.w.org\/{rel}","templated":true}]}}